{"id":973,"date":"2021-02-15T16:58:42","date_gmt":"2021-02-15T15:58:42","guid":{"rendered":"http:\/\/handiablees.com\/?page_id=973"},"modified":"2021-02-15T17:08:57","modified_gmt":"2021-02-15T16:08:57","slug":"handicap-et-sejours","status":"publish","type":"page","link":"https:\/\/handiablees.com\/index.php\/accessibilte\/vie-quotidienne\/activites\/handicap-et-sejours\/","title":{"rendered":"Handicap et s\u00e9jours"},"content":{"rendered":"\n<p><a rel=\"noreferrer noopener\" href=\"http:\/\/www.tourisme-handicap.gouv.fr\/fr\" data-type=\"URL\" data-id=\"http:\/\/www.tourisme-handicap.gouv.fr\/fr\" target=\"_blank\">Tourisme et Handicap<\/a> \ud83d\udc2d, un site gouvernemental pour trouver un \u00e9tablissement labellis\u00e9 Tourisme &amp; Handicap. Des g\u00eetes, des meubl\u00e9s, plus de  11000 r\u00e9f\u00e9rences de lieux g\u00e9olocalis\u00e9s, avec des descriptions d\u00e9taill\u00e9es. <\/p>\n\n\n\n<p><a rel=\"noreferrer noopener\" href=\"https:\/\/handicasa.org\/check\" data-type=\"URL\" data-id=\"https:\/\/handicasa.org\/check\" target=\"_blank\">Handicasa \ud83d\udc2d<\/a> v\u00e9rifie les logements en cochant les crit\u00e8res n\u00e9cessaires \u00e0 l&rsquo;accueil des personnes en situation de handicap. La plateforme \u00e0 pour but de resencer les lieux adapt\u00e9s.<\/p>\n","protected":false},"excerpt":{"rendered":"<p>Tourisme et Handicap \ud83d\udc2d, un site gouvernemental pour trouver un \u00e9tablissement labellis\u00e9 Tourisme &amp; Handicap. Des g\u00eetes, des meubl\u00e9s, plus de 11000 r\u00e9f\u00e9rences de lieux g\u00e9olocalis\u00e9s, avec des descriptions d\u00e9taill\u00e9es. Handicasa \ud83d\udc2d v\u00e9rifie les logements en cochant les crit\u00e8res n\u00e9cessaires \u00e0 l&rsquo;accueil des personnes en situation de handicap. La plateforme \u00e0 pour but de resencer les lieux adapt\u00e9s.<\/p>\n","protected":false},"author":1,"featured_media":0,"parent":66,"menu_order":3,"comment_status":"closed","ping_status":"closed","template":"","meta":{"footnotes":""},"class_list":["post-973","page","type-page","status-publish","hentry"],"_links":{"self":[{"href":"https:\/\/handiablees.com\/index.php\/wp-json\/wp\/v2\/pages\/973","targetHints":{"allow":["GET"]}}],"collection":[{"href":"https:\/\/handiablees.com\/index.php\/wp-json\/wp\/v2\/pages"}],"about":[{"href":"https:\/\/handiablees.com\/index.php\/wp-json\/wp\/v2\/types\/page"}],"author":[{"embeddable":true,"href":"https:\/\/handiablees.com\/index.php\/wp-json\/wp\/v2\/users\/1"}],"replies":[{"embeddable":true,"href":"https:\/\/handiablees.com\/index.php\/wp-json\/wp\/v2\/comments?post=973"}],"version-history":[{"count":4,"href":"https:\/\/handiablees.com\/index.php\/wp-json\/wp\/v2\/pages\/973\/revisions"}],"predecessor-version":[{"id":980,"href":"https:\/\/handiablees.com\/index.php\/wp-json\/wp\/v2\/pages\/973\/revisions\/980"}],"up":[{"embeddable":true,"href":"https:\/\/handiablees.com\/index.php\/wp-json\/wp\/v2\/pages\/66"}],"wp:attachment":[{"href":"https:\/\/handiablees.com\/index.php\/wp-json\/wp\/v2\/media?parent=973"}],"curies":[{"name":"wp","href":"https:\/\/api.w.org\/{rel}","templated":true}]}}