{"id":959,"date":"2021-02-15T16:14:01","date_gmt":"2021-02-15T15:14:01","guid":{"rendered":"http:\/\/handiablees.com\/?page_id=959"},"modified":"2021-02-15T16:33:33","modified_gmt":"2021-02-15T15:33:33","slug":"handicap-et-voyages","status":"publish","type":"page","link":"https:\/\/handiablees.com\/index.php\/accessibilte\/vie-quotidienne\/activites\/handicap-et-voyages\/","title":{"rendered":"Handicap et voyages"},"content":{"rendered":"\n<p>Voyager en avion, un parcours pas toujours facile. Air France met \u00e0 disposition une assistance d\u00e9di\u00e9e <a rel=\"noreferrer noopener\" href=\"https:\/\/www.airfrance.fr\/FR\/fr\/common\/transverse\/footer\/contact_saphir.htm\" data-type=\"URL\" data-id=\"https:\/\/www.airfrance.fr\/FR\/fr\/common\/transverse\/footer\/contact_saphir.htm\" target=\"_blank\">Saphir \ud83d\udc2d. <\/a>Des conseillers sont joignables au 09 69 36 72 77 du lundi au vendredi de 9h00 \u00e0 17h00 pour aider \u00e0 l&rsquo;organisation ou r\u00e9pondre aux questions. D&rsquo;autres moyens de communication sont propos\u00e9s sur le <a rel=\"noreferrer noopener\" href=\"https:\/\/www.airfrance.fr\/FR\/fr\/common\/transverse\/footer\/contact_saphir.htm\" data-type=\"URL\" data-id=\"https:\/\/www.airfrance.fr\/FR\/fr\/common\/transverse\/footer\/contact_saphir.htm\" target=\"_blank\">site Air France<\/a> <\/p>\n\n\n\n<p>Voyager en train, la SNCF n&rsquo;est pas en reste. Deux liens pour \u00eatre incollable avec<a rel=\"noreferrer noopener\" href=\"https:\/\/www.sncf.com\/fr\/offres-voyageurs\/voyager-en-toute-situation\/situation-handicap\" data-type=\"URL\" data-id=\"https:\/\/www.sncf.com\/fr\/offres-voyageurs\/voyager-en-toute-situation\/situation-handicap\" target=\"_blank\"> Voyager en autonomie<\/a> \ud83d\udc2d et <a rel=\"noreferrer noopener\" href=\"https:\/\/www.accessibilite.sncf.com\/\" data-type=\"URL\" data-id=\"https:\/\/www.accessibilite.sncf.com\/\" target=\"_blank\">Accessibilit\u00e9 SNCF<\/a>\ud83d\udc2d. Sur ce dernier site, des informations sur les nouvelles mises en accessibilit\u00e9, les services, les agendas, les r\u00e8gles de priorit\u00e9 et de r\u00e9ductions, l&rsquo;acc\u00e8s au guide mobilit\u00e9 r\u00e9duite actualis\u00e9, etc.<\/p>\n","protected":false},"excerpt":{"rendered":"<p>Voyager en avion, un parcours pas toujours facile. Air France met \u00e0 disposition une assistance d\u00e9di\u00e9e Saphir \ud83d\udc2d. Des conseillers sont joignables au 09 69 36 72 77 du lundi au vendredi de 9h00 \u00e0 17h00 pour aider \u00e0 l&rsquo;organisation ou r\u00e9pondre aux questions. D&rsquo;autres moyens de communication sont propos\u00e9s sur le site Air France Voyager en train, la SNCF n&rsquo;est pas en reste. Deux liens pour \u00eatre incollable avec Voyager en autonomie \ud83d\udc2d et Accessibilit\u00e9 SNCF\ud83d\udc2d. Sur ce dernier site, des informations sur les nouvelles mises en accessibilit\u00e9, les services, les agendas, les r\u00e8gles de priorit\u00e9 et de r\u00e9ductions, l&rsquo;acc\u00e8s au guide mobilit\u00e9 r\u00e9duite actualis\u00e9, etc.<\/p>\n","protected":false},"author":1,"featured_media":0,"parent":66,"menu_order":2,"comment_status":"closed","ping_status":"closed","template":"","meta":{"footnotes":""},"class_list":["post-959","page","type-page","status-publish","hentry"],"_links":{"self":[{"href":"https:\/\/handiablees.com\/index.php\/wp-json\/wp\/v2\/pages\/959","targetHints":{"allow":["GET"]}}],"collection":[{"href":"https:\/\/handiablees.com\/index.php\/wp-json\/wp\/v2\/pages"}],"about":[{"href":"https:\/\/handiablees.com\/index.php\/wp-json\/wp\/v2\/types\/page"}],"author":[{"embeddable":true,"href":"https:\/\/handiablees.com\/index.php\/wp-json\/wp\/v2\/users\/1"}],"replies":[{"embeddable":true,"href":"https:\/\/handiablees.com\/index.php\/wp-json\/wp\/v2\/comments?post=959"}],"version-history":[{"count":3,"href":"https:\/\/handiablees.com\/index.php\/wp-json\/wp\/v2\/pages\/959\/revisions"}],"predecessor-version":[{"id":966,"href":"https:\/\/handiablees.com\/index.php\/wp-json\/wp\/v2\/pages\/959\/revisions\/966"}],"up":[{"embeddable":true,"href":"https:\/\/handiablees.com\/index.php\/wp-json\/wp\/v2\/pages\/66"}],"wp:attachment":[{"href":"https:\/\/handiablees.com\/index.php\/wp-json\/wp\/v2\/media?parent=959"}],"curies":[{"name":"wp","href":"https:\/\/api.w.org\/{rel}","templated":true}]}}