{"id":911,"date":"2021-01-29T15:19:38","date_gmt":"2021-01-29T14:19:38","guid":{"rendered":"http:\/\/handiablees.com\/?page_id=911"},"modified":"2021-01-29T15:35:04","modified_gmt":"2021-01-29T14:35:04","slug":"relai-handicaps-rares","status":"publish","type":"page","link":"https:\/\/handiablees.com\/index.php\/special-parents\/relai-handicaps-rares\/","title":{"rendered":"Relai handicaps rares"},"content":{"rendered":"\n<p>Personne en situation de handicap rare ou familles, vous pouvez solliciter l&rsquo;Equipe-Relais Handicaps Rares. <\/p>\n\n\n\n<p>Organis\u00e9es en inter regions, les \u00e9quipes relais sont constitu\u00e9es de plusieurs professionnels. <\/p>\n\n\n\n<p>Vous trouverez davantage d&rsquo;informations sur le site<a href=\"https:\/\/pacacorse.erhr.fr\/\" data-type=\"URL\" data-id=\"https:\/\/pacacorse.erhr.fr\/\" target=\"_blank\" rel=\"noreferrer noopener\"> \u00c9quipe-relais Handicaps Rares PACA \ud83d\udc2d<\/a>. <\/p>\n","protected":false},"excerpt":{"rendered":"<p>Personne en situation de handicap rare ou familles, vous pouvez solliciter l&rsquo;Equipe-Relais Handicaps Rares. Organis\u00e9es en inter regions, les \u00e9quipes relais sont constitu\u00e9es de plusieurs professionnels. Vous trouverez davantage d&rsquo;informations sur le site \u00c9quipe-relais Handicaps Rares PACA \ud83d\udc2d.<\/p>\n","protected":false},"author":1,"featured_media":0,"parent":107,"menu_order":2,"comment_status":"closed","ping_status":"closed","template":"","meta":{"footnotes":""},"class_list":["post-911","page","type-page","status-publish","hentry"],"_links":{"self":[{"href":"https:\/\/handiablees.com\/index.php\/wp-json\/wp\/v2\/pages\/911","targetHints":{"allow":["GET"]}}],"collection":[{"href":"https:\/\/handiablees.com\/index.php\/wp-json\/wp\/v2\/pages"}],"about":[{"href":"https:\/\/handiablees.com\/index.php\/wp-json\/wp\/v2\/types\/page"}],"author":[{"embeddable":true,"href":"https:\/\/handiablees.com\/index.php\/wp-json\/wp\/v2\/users\/1"}],"replies":[{"embeddable":true,"href":"https:\/\/handiablees.com\/index.php\/wp-json\/wp\/v2\/comments?post=911"}],"version-history":[{"count":2,"href":"https:\/\/handiablees.com\/index.php\/wp-json\/wp\/v2\/pages\/911\/revisions"}],"predecessor-version":[{"id":920,"href":"https:\/\/handiablees.com\/index.php\/wp-json\/wp\/v2\/pages\/911\/revisions\/920"}],"up":[{"embeddable":true,"href":"https:\/\/handiablees.com\/index.php\/wp-json\/wp\/v2\/pages\/107"}],"wp:attachment":[{"href":"https:\/\/handiablees.com\/index.php\/wp-json\/wp\/v2\/media?parent=911"}],"curies":[{"name":"wp","href":"https:\/\/api.w.org\/{rel}","templated":true}]}}