{"id":772,"date":"2021-01-25T17:19:33","date_gmt":"2021-01-25T16:19:33","guid":{"rendered":"http:\/\/handiablees.com\/?page_id=772"},"modified":"2021-01-25T17:23:00","modified_gmt":"2021-01-25T16:23:00","slug":"prevention-dentaire-en-partenariat-avec-handident-paca","status":"publish","type":"page","link":"https:\/\/handiablees.com\/index.php\/special-parents\/prevention-dentaire-en-partenariat-avec-handident-paca\/","title":{"rendered":"Pr\u00e9vention dentaire en partenariat avec handident PACA"},"content":{"rendered":"\n<p>Suivant sa volont\u00e9 de r\u00e9pondre aux besoins des familles touch\u00e9es par le handicap d&rsquo;un proche, l&rsquo;association Handiabl\u00e9.e.s vous pr\u00e9sente le projet de pr\u00e9vention bucco-dentaire.<\/p>\n\n\n\n<p>Le reseau Handident PACA est dispos\u00e9 \u00e0 organiser des consultations pr\u00e9alables aux soins bucco-dentaires. \u00c0 ce titre, l&rsquo;intervention d&rsquo;un chirurgien dentiste du r\u00e9seau permet de pr\u00e9voir un bilan ainsi qu&rsquo;un contre-rendu individualis\u00e9. <\/p>\n\n\n\n<p>Cette intervention pourrait voir le jour au plus pr\u00e8s des besoins du territoire Haut-Alpin. <\/p>\n\n\n\n<p>Pour ce faire, il est primordial de recenser tous ces besoins li\u00e9s \u00e0 la pr\u00e9vention de soins bucco-dentaires. C&rsquo;est ce qui vous est propos\u00e9 dans ce questionnaire qui cherche \u00e0 analyser les difficult\u00e9s pr\u00e9sentes et enregistrer les personnes int\u00e9ress\u00e9es : <a rel=\"noreferrer noopener\" href=\"https:\/\/form.dragnsurvey.com\/survey\/r\/5b894df2\" data-type=\"URL\" data-id=\"https:\/\/form.dragnsurvey.com\/survey\/r\/5b894df2\" target=\"_blank\">questionnaire Pr\u00e9vention Handident Paca<\/a> <\/p>\n\n\n\n<p>Par la suite, vous pouvez faire acte de candidature en notifiant en objet \u00ab\u00a0Pr\u00e9vention handident PACA\u00a0\u00bb sur l&rsquo;adresse contact@handiablees.com  <\/p>\n\n\n\n<p>Nous sommes \u00e9galement \u00e0 votre disposition pour tout renseignement \ud83d\udd0e<\/p>\n","protected":false},"excerpt":{"rendered":"<p>Suivant sa volont\u00e9 de r\u00e9pondre aux besoins des familles touch\u00e9es par le handicap d&rsquo;un proche, l&rsquo;association Handiabl\u00e9.e.s vous pr\u00e9sente le projet de pr\u00e9vention bucco-dentaire. Le reseau Handident PACA est dispos\u00e9 \u00e0 organiser des consultations pr\u00e9alables aux soins bucco-dentaires. \u00c0 ce titre, l&rsquo;intervention d&rsquo;un chirurgien dentiste du r\u00e9seau permet de pr\u00e9voir un bilan ainsi qu&rsquo;un contre-rendu individualis\u00e9. Cette intervention pourrait voir le jour au plus pr\u00e8s des besoins du territoire Haut-Alpin. Pour ce faire, il est primordial de recenser tous ces besoins li\u00e9s \u00e0 la pr\u00e9vention de soins bucco-dentaires. C&rsquo;est ce qui vous est propos\u00e9 dans ce questionnaire qui cherche \u00e0 analyser les difficult\u00e9s pr\u00e9sentes et enregistrer les personnes int\u00e9ress\u00e9es : questionnaire Pr\u00e9vention Handident Paca Par la suite, vous pouvez faire acte de candidature en notifiant en objet \u00ab\u00a0Pr\u00e9vention handident PACA\u00a0\u00bb sur l&rsquo;adresse contact@handiablees.com Nous sommes \u00e9galement \u00e0 votre disposition pour tout renseignement \ud83d\udd0e<\/p>\n","protected":false},"author":1,"featured_media":0,"parent":107,"menu_order":1,"comment_status":"closed","ping_status":"closed","template":"","meta":{"footnotes":""},"class_list":["post-772","page","type-page","status-publish","hentry"],"_links":{"self":[{"href":"https:\/\/handiablees.com\/index.php\/wp-json\/wp\/v2\/pages\/772","targetHints":{"allow":["GET"]}}],"collection":[{"href":"https:\/\/handiablees.com\/index.php\/wp-json\/wp\/v2\/pages"}],"about":[{"href":"https:\/\/handiablees.com\/index.php\/wp-json\/wp\/v2\/types\/page"}],"author":[{"embeddable":true,"href":"https:\/\/handiablees.com\/index.php\/wp-json\/wp\/v2\/users\/1"}],"replies":[{"embeddable":true,"href":"https:\/\/handiablees.com\/index.php\/wp-json\/wp\/v2\/comments?post=772"}],"version-history":[{"count":6,"href":"https:\/\/handiablees.com\/index.php\/wp-json\/wp\/v2\/pages\/772\/revisions"}],"predecessor-version":[{"id":905,"href":"https:\/\/handiablees.com\/index.php\/wp-json\/wp\/v2\/pages\/772\/revisions\/905"}],"up":[{"embeddable":true,"href":"https:\/\/handiablees.com\/index.php\/wp-json\/wp\/v2\/pages\/107"}],"wp:attachment":[{"href":"https:\/\/handiablees.com\/index.php\/wp-json\/wp\/v2\/media?parent=772"}],"curies":[{"name":"wp","href":"https:\/\/api.w.org\/{rel}","templated":true}]}}