{"id":754,"date":"2021-01-14T09:36:14","date_gmt":"2021-01-14T08:36:14","guid":{"rendered":"http:\/\/handiablees.com\/?page_id=754"},"modified":"2021-01-22T14:56:13","modified_gmt":"2021-01-22T13:56:13","slug":"amenagement-de-vehicule","status":"publish","type":"page","link":"https:\/\/handiablees.com\/index.php\/accessibilte\/amenagements\/amenagement-de-vehicule\/","title":{"rendered":"Am\u00e9nagement de vehicule"},"content":{"rendered":"\n<p>Une aide peut \u00eatre allou\u00e9e au titre de la Prestation de Compensation du Handicap (PCH) sous la cat\u00e9gorie am\u00e9nagement de logement.<\/p>\n\n\n\n<p>Cette enveloppe de 5 000 euros sur 5 ans est ouverte aux b\u00e9n\u00e9ficiaires de la PCH mais aussi pour les parents disposant d&rsquo;un droit Allocation Education Enfant Handicap\u00e9 (AEEH) et son compl\u00e9ment (cas d\u00e9rogatoire avec l&rsquo;aide PCH am\u00e9nagement de logement).<\/p>\n\n\n\n<p>Si vous disposez d\u00e9j\u00e0 d&rsquo;un v\u00e9hicule pouvant \u00eatre am\u00e9nag\u00e9, l&rsquo;\u00e2ge avanc\u00e9 du v\u00e9hicule  peut \u00eatre une condition de refus de financement par la Commission des Droits et de l&rsquo;Autonomie. Il faut absolument se renseigner sur les crit\u00e8res aupr\u00e8s de la Maison des Personnes Handicap\u00e9e de son secteur.<\/p>\n\n\n\n<p>L&rsquo;aide allou\u00e9e par la PCH peut aussi, sous conditions, \u00eatre sollicit\u00e9e lors de l&rsquo;achat d&rsquo;un v\u00e9hicule d\u00e9j\u00e0 \u00e9quip\u00e9. Attention, il s&rsquo;agit de se faire financer le  surco\u00fbt d\u00fb \u00e0 l&rsquo;am\u00e9nagement et non le vehicule. <\/p>\n\n\n\n<p>Vous avez diverses soci\u00e9t\u00e9 sp\u00e9cialis\u00e9e dans les travaux d&rsquo;am\u00e9nagement qui disposent de liens avec des sites de vente ou mise en contact pour trouver un v\u00e9hicule am\u00e9nag\u00e9.<\/p>\n\n\n\n<p>Une liste non exhaustive est propos\u00e9e : <\/p>\n\n\n\n<p><a rel=\"noreferrer noopener\" href=\"https:\/\/www.dijeau.fr\/\" data-type=\"URL\" data-id=\"https:\/\/www.dijeau.fr\/\" target=\"_blank\">Dijeau \ud83d\udc2d<\/a>, sur la r\u00e9gion lyonnaise. Cette soci\u00e9t\u00e9 fait l&rsquo;am\u00e9nagement d&rsquo;un v\u00e9hicule mais propose aussi des v\u00e9hicules d&rsquo;occasion (en majorit\u00e9 des mises en ligne d&rsquo;annonces priv\u00e9es).<\/p>\n\n\n\n<p><a rel=\"noreferrer noopener\" href=\"https:\/\/www.lenoirhandiconcept.com\/\" data-type=\"URL\" data-id=\"https:\/\/www.lenoirhandiconcept.com\/\" target=\"_blank\">Lenoir Handicap Concept \ud83d\udc2d,<\/a> un r\u00e9seau de partenaires sur le territoire pour  des adaptations et des ventes de v\u00e9hicules, neufs ou occasions.<\/p>\n\n\n\n<p><a rel=\"noreferrer noopener\" href=\"https:\/\/www.handynamic.fr\/\" target=\"_blank\">Handynamic \ud83d\udc2d<\/a>, agence sur Lyon, vente de v\u00e9hicules neufs ou occasions, location de vehicules.<\/p>\n\n\n\n<p><a rel=\"noreferrer noopener\" href=\"https:\/\/www.handimobil.net\/\" target=\"_blank\">Handi mobil \ud83d\udc2d<\/a>, sur Aubagne, am\u00e9nagement de v\u00e9hicules, ventes d&rsquo;occasion et location de v\u00e9hicules  am\u00e9nag\u00e9s.<\/p>\n\n\n\n<p><a href=\"http:\/\/www.hapte.fr\/?gclid=Cj0KCQiA9P__BRC0ARIsAEZ6iriIMdqqwdRijKJZtrWhQfDxMF5lZRwU3ksEAY6a5m5wHZkeTkqzSQAaAseJEALw_wcB\" data-type=\"URL\" data-id=\"http:\/\/www.hapte.fr\/?gclid=Cj0KCQiA9P__BRC0ARIsAEZ6iriIMdqqwdRijKJZtrWhQfDxMF5lZRwU3ksEAY6a5m5wHZkeTkqzSQAaAseJEALw_wcB\" target=\"_blank\" rel=\"noreferrer noopener\">Hapte \ud83d\udc2d,<\/a> vente de v\u00e9hicules am\u00e9nag\u00e9s.<\/p>\n\n\n\n<p><a href=\"https:\/\/baboulin.com\/\" data-type=\"URL\" data-id=\"https:\/\/baboulin.com\/\" target=\"_blank\" rel=\"noreferrer noopener\">Baboulin \ud83d\udc2d<\/a>, sur Vizille, am\u00e9nagement de v\u00e9hicules et vente de v\u00e9hicules sortie d&rsquo;usine. <\/p>\n","protected":false},"excerpt":{"rendered":"<p>Une aide peut \u00eatre allou\u00e9e au titre de la Prestation de Compensation du Handicap (PCH) sous la cat\u00e9gorie am\u00e9nagement de logement. Cette enveloppe de 5 000 euros sur 5 ans est ouverte aux b\u00e9n\u00e9ficiaires de la PCH mais aussi pour les parents disposant d&rsquo;un droit Allocation Education Enfant Handicap\u00e9 (AEEH) et son compl\u00e9ment (cas d\u00e9rogatoire avec l&rsquo;aide PCH am\u00e9nagement de logement). Si vous disposez d\u00e9j\u00e0 d&rsquo;un v\u00e9hicule pouvant \u00eatre am\u00e9nag\u00e9, l&rsquo;\u00e2ge avanc\u00e9 du v\u00e9hicule peut \u00eatre une condition de refus de financement par la Commission des Droits et de l&rsquo;Autonomie. Il faut absolument se renseigner sur les crit\u00e8res aupr\u00e8s de la Maison des Personnes Handicap\u00e9e de son secteur. L&rsquo;aide allou\u00e9e par la PCH peut aussi, sous conditions, \u00eatre sollicit\u00e9e lors de l&rsquo;achat d&rsquo;un v\u00e9hicule d\u00e9j\u00e0 \u00e9quip\u00e9. Attention, il s&rsquo;agit de se faire financer le surco\u00fbt d\u00fb \u00e0 l&rsquo;am\u00e9nagement et non le vehicule. Vous avez diverses soci\u00e9t\u00e9 sp\u00e9cialis\u00e9e dans les travaux d&rsquo;am\u00e9nagement qui disposent de liens avec des sites de vente ou mise en contact pour trouver un v\u00e9hicule am\u00e9nag\u00e9. Une liste non exhaustive est propos\u00e9e : Dijeau \ud83d\udc2d, sur la r\u00e9gion lyonnaise. Cette soci\u00e9t\u00e9 fait l&rsquo;am\u00e9nagement d&rsquo;un v\u00e9hicule mais propose aussi des v\u00e9hicules d&rsquo;occasion (en majorit\u00e9 des mises en ligne d&rsquo;annonces priv\u00e9es). Lenoir Handicap Concept \ud83d\udc2d, un r\u00e9seau de partenaires sur le territoire pour des adaptations et des ventes de v\u00e9hicules, neufs ou occasions. Handynamic \ud83d\udc2d, agence sur Lyon, vente de v\u00e9hicules neufs ou occasions, location de vehicules. Handi mobil \ud83d\udc2d, sur Aubagne, am\u00e9nagement de v\u00e9hicules, ventes d&rsquo;occasion et location de v\u00e9hicules am\u00e9nag\u00e9s. Hapte \ud83d\udc2d, vente de v\u00e9hicules am\u00e9nag\u00e9s. Baboulin \ud83d\udc2d, sur Vizille, am\u00e9nagement de v\u00e9hicules et vente de v\u00e9hicules sortie d&rsquo;usine.<\/p>\n","protected":false},"author":1,"featured_media":0,"parent":85,"menu_order":1,"comment_status":"closed","ping_status":"closed","template":"","meta":{"footnotes":""},"class_list":["post-754","page","type-page","status-publish","hentry"],"_links":{"self":[{"href":"https:\/\/handiablees.com\/index.php\/wp-json\/wp\/v2\/pages\/754","targetHints":{"allow":["GET"]}}],"collection":[{"href":"https:\/\/handiablees.com\/index.php\/wp-json\/wp\/v2\/pages"}],"about":[{"href":"https:\/\/handiablees.com\/index.php\/wp-json\/wp\/v2\/types\/page"}],"author":[{"embeddable":true,"href":"https:\/\/handiablees.com\/index.php\/wp-json\/wp\/v2\/users\/1"}],"replies":[{"embeddable":true,"href":"https:\/\/handiablees.com\/index.php\/wp-json\/wp\/v2\/comments?post=754"}],"version-history":[{"count":15,"href":"https:\/\/handiablees.com\/index.php\/wp-json\/wp\/v2\/pages\/754\/revisions"}],"predecessor-version":[{"id":786,"href":"https:\/\/handiablees.com\/index.php\/wp-json\/wp\/v2\/pages\/754\/revisions\/786"}],"up":[{"embeddable":true,"href":"https:\/\/handiablees.com\/index.php\/wp-json\/wp\/v2\/pages\/85"}],"wp:attachment":[{"href":"https:\/\/handiablees.com\/index.php\/wp-json\/wp\/v2\/media?parent=754"}],"curies":[{"name":"wp","href":"https:\/\/api.w.org\/{rel}","templated":true}]}}