{"id":747,"date":"2021-01-06T21:17:28","date_gmt":"2021-01-06T20:17:28","guid":{"rendered":"http:\/\/handiablees.com\/?page_id=747"},"modified":"2021-01-29T18:58:26","modified_gmt":"2021-01-29T17:58:26","slug":"besoins-et-solutions-recensement","status":"publish","type":"page","link":"https:\/\/handiablees.com\/index.php\/communication-2\/besoins-et-solutions\/besoins-et-solutions-recensement\/","title":{"rendered":"R\u00e9pit des familles : recensement"},"content":{"rendered":"\n<p>Pour les familles ayant un enfant ou jeune adulte handicap\u00e9 \u00e0 domicile, l&rsquo;association Handiabl\u00e9.e.s ouvre un projet de recensement de besoins non couverts \u00e0 l&rsquo;heure actuelle par les organismes scolaires, sanitaires et sociaux ou les \u00e9tablissements de soins.<\/p>\n\n\n\n<p>Il s&rsquo;agit dans un premier temps de faire un tableau pr\u00e9cis et par famille des besoins personnels : envie d&rsquo;une soir\u00e9e restaurant ou cin\u00e9ma, envie d&rsquo;un weekend  de r\u00e9pit, d&rsquo;une apr\u00e8s midi avec une \u00e9ducatrice sp\u00e9cialis\u00e9e \u00e0 la maison, etc.<\/p>\n\n\n\n<p>Toutes les demandes sont entendues, sachant que les projets vont \u00eatres \u00e9tudi\u00e9s en collaboration avec plusieurs associations d\u00e9j\u00e0 en place ou des organismes existants \ud83d\ude0d<\/p>\n\n\n\n<p class=\"has-drop-cap\">L&rsquo;association Handiabl\u00e9.e.s vous propose de vous faire entendre. N&rsquo;h\u00e9sitez pas \u00e0 nous contacter par mail contact@handiablees.com.<\/p>\n","protected":false},"excerpt":{"rendered":"<p>Pour les familles ayant un enfant ou jeune adulte handicap\u00e9 \u00e0 domicile, l&rsquo;association Handiabl\u00e9.e.s ouvre un projet de recensement de besoins non couverts \u00e0 l&rsquo;heure actuelle par les organismes scolaires, sanitaires et sociaux ou les \u00e9tablissements de soins. Il s&rsquo;agit dans un premier temps de faire un tableau pr\u00e9cis et par famille des besoins personnels : envie d&rsquo;une soir\u00e9e restaurant ou cin\u00e9ma, envie d&rsquo;un weekend de r\u00e9pit, d&rsquo;une apr\u00e8s midi avec une \u00e9ducatrice sp\u00e9cialis\u00e9e \u00e0 la maison, etc. Toutes les demandes sont entendues, sachant que les projets vont \u00eatres \u00e9tudi\u00e9s en collaboration avec plusieurs associations d\u00e9j\u00e0 en place ou des organismes existants \ud83d\ude0d L&rsquo;association Handiabl\u00e9.e.s vous propose de vous faire entendre. N&rsquo;h\u00e9sitez pas \u00e0 nous contacter par mail contact@handiablees.com.<\/p>\n","protected":false},"author":1,"featured_media":0,"parent":826,"menu_order":1,"comment_status":"closed","ping_status":"closed","template":"","meta":{"footnotes":""},"class_list":["post-747","page","type-page","status-publish","hentry"],"_links":{"self":[{"href":"https:\/\/handiablees.com\/index.php\/wp-json\/wp\/v2\/pages\/747","targetHints":{"allow":["GET"]}}],"collection":[{"href":"https:\/\/handiablees.com\/index.php\/wp-json\/wp\/v2\/pages"}],"about":[{"href":"https:\/\/handiablees.com\/index.php\/wp-json\/wp\/v2\/types\/page"}],"author":[{"embeddable":true,"href":"https:\/\/handiablees.com\/index.php\/wp-json\/wp\/v2\/users\/1"}],"replies":[{"embeddable":true,"href":"https:\/\/handiablees.com\/index.php\/wp-json\/wp\/v2\/comments?post=747"}],"version-history":[{"count":5,"href":"https:\/\/handiablees.com\/index.php\/wp-json\/wp\/v2\/pages\/747\/revisions"}],"predecessor-version":[{"id":944,"href":"https:\/\/handiablees.com\/index.php\/wp-json\/wp\/v2\/pages\/747\/revisions\/944"}],"up":[{"embeddable":true,"href":"https:\/\/handiablees.com\/index.php\/wp-json\/wp\/v2\/pages\/826"}],"wp:attachment":[{"href":"https:\/\/handiablees.com\/index.php\/wp-json\/wp\/v2\/media?parent=747"}],"curies":[{"name":"wp","href":"https:\/\/api.w.org\/{rel}","templated":true}]}}