{"id":736,"date":"2021-01-03T15:32:59","date_gmt":"2021-01-03T14:32:59","guid":{"rendered":"http:\/\/handiablees.com\/?page_id=736"},"modified":"2021-01-22T15:27:25","modified_gmt":"2021-01-22T14:27:25","slug":"lien-aux-associations-autour-du-bpan","status":"publish","type":"page","link":"https:\/\/handiablees.com\/index.php\/special-parents\/lien-aux-associations-autour-du-bpan\/","title":{"rendered":"Autour du BPAN"},"content":{"rendered":"\n<p>Ce lien aux associations va concerner une maladie qui provoque des polyhandicaps d\u00e8s la petite enfance et qui est, en plus, d\u00e9g\u00e9n\u00e9rative. Pour mieux la conna\u00eetre, on vous pr\u00e9sente Emma. Jeune fille donc porteuse de cette maladie g\u00e9n\u00e9tique rare qui concernerait presque 20 enfants en France. Le conditionnel est imp\u00e9ratif car la d\u00e9couverte de cette maladie est tellement r\u00e9cente, ann\u00e9e 2012, que tous les diagnostics ne sont pas encore r\u00e9alis\u00e9s. <\/p>\n\n\n\n<p class=\"has-drop-cap\">Place \u00e0 Carine, la maman d&rsquo;Emma, qui souhaite t\u00e9moigner pour l&rsquo;association <a href=\"https:\/\/www.autourdubpan.fr\/index.php\" data-type=\"URL\" data-id=\"https:\/\/www.autourdubpan.fr\/index.php\">A<\/a><a rel=\"noreferrer noopener\" href=\"https:\/\/www.autourdubpan.fr\/index.php\" data-type=\"URL\" data-id=\"https:\/\/www.autourdubpan.fr\/index.php\" target=\"_blank\">utour du BPAN<\/a><a href=\"https:\/\/www.autourdubpan.fr\/index.php\" data-type=\"URL\" data-id=\"https:\/\/www.autourdubpan.fr\/index.php\" target=\"_blank\" rel=\"noreferrer noopener\"> \ud83d\udc2d<\/a> :<\/p>\n\n\n\n<p> <\/p>\n\n\n\n<p>\u00ab\u00a0Je suis maman d&rsquo;une puce atteint par cette m&#8230;.. &nbsp;de maladie. Notre vie a bascul\u00e9. D&rsquo;abord, on voit, on sent que notre enfant a un probl\u00e8me : hypotonie, une vraie poup\u00e9e de chiffon&#8230; Apr\u00e8s diverses consultations aupr\u00e8s de neurologue, g\u00e9n\u00e9ticien, m\u00e9decin, le premier diagnostic tombe : probl\u00e8me g\u00e9n\u00e9tique. On se lance dans les tests g\u00e9n\u00e9tiques o\u00f9 les r\u00e9sultats sont longs \u00e0 arriver. Hop, on entre dans le monde du polyhandicap. Pendant 5 ans, tous les jours, notre puce a eu des soins pour l&rsquo;aider \u00e0 se d\u00e9velopper, mais on n&rsquo;avait aucun diagnostic pr\u00e9cis. Alors, on garde l&rsquo;espoir que cela va s&rsquo;am\u00e9liorer, que notre puce va rattraper ses retards et avoir une vie quasi normale. Puis, un jour, la g\u00e9n\u00e9ticienne nous convoque express\u00e9ment \u00e0 Marseille : elle a le nom de la maladie&#8230;Mais comme cette maladie est tr\u00e8s tr\u00e8s peu connue en France (20 cas diagnostiqu\u00e9s), on repart de Marseille sans plus d&rsquo;explications, hormis que notre puce gardera ses retards mental et moteur. Heureusement, j&rsquo;ai rencontr\u00e9 l&rsquo;association Autour du Bpan qui a r\u00e9pondu \u00e0 nos questions et nous a soutenu.<\/p>\n\n\n\n<p>Et l\u00e0, notre vie bascule de nouveau : &nbsp;retard moteur, retard mental, troubles visuels, troubles du sommeil, \u00e9pilepsie et absence de la parole..tous les handicaps de ma fille sont li\u00e9s \u00e0 elle, cette maladie affreusement destructrice. Mais, cette maladie vicieuse ne s&rsquo;arr\u00eate pas l\u00e0 : maladie neuro d\u00e9g\u00e9n\u00e9rative vers l&rsquo;\u00e2ge de l&rsquo;adolescence&#8230;le cerveau qui \u00ab\u00a0s&rsquo;\u00e9teint\u00a0\u00bb petit \u00e0 petit..Alors, apr\u00e8s la col\u00e8re, la tristesse et autres \u00e9motions, j&rsquo;ai d\u00e9cid\u00e9 de me battre contre cette maladie. D&rsquo;adord en soutenant ma puce de tout mon \u00eatre, maintenant que l&rsquo;on connait la maladie, elle a des soins bien appropri\u00e9, mais aussi en essayant d&rsquo;\u00eatre active dans l&rsquo;association. Cette association r\u00e9colte des fonds afin de finances des \u00e9quipes de chercheurs afin de trouver un traitement pour ralentir ou att\u00e9nuer les effets de la neuro d\u00e9g\u00e9n\u00e9rescence. On ne peut pas gu\u00e9rir de cette maladie car elle provient d&rsquo;une malformation d&rsquo;un g\u00e8ne. Les enfants atteints de cette maladie sont touch\u00e9s \u00e0 des degr\u00e9s diff\u00e9rents selon la malformation du g\u00e8ne.&nbsp;Voil\u00e0 les grandes lignes qui r\u00e9sument notre parcours&#8230;\u00a0\u00bb<\/p>\n","protected":false},"excerpt":{"rendered":"<p>Ce lien aux associations va concerner une maladie qui provoque des polyhandicaps d\u00e8s la petite enfance et qui est, en plus, d\u00e9g\u00e9n\u00e9rative. Pour mieux la conna\u00eetre, on vous pr\u00e9sente Emma. Jeune fille donc porteuse de cette maladie g\u00e9n\u00e9tique rare qui concernerait presque 20 enfants en France. Le conditionnel est imp\u00e9ratif car la d\u00e9couverte de cette maladie est tellement r\u00e9cente, ann\u00e9e 2012, que tous les diagnostics ne sont pas encore r\u00e9alis\u00e9s. Place \u00e0 Carine, la maman d&rsquo;Emma, qui souhaite t\u00e9moigner pour l&rsquo;association Autour du BPAN \ud83d\udc2d : \u00ab\u00a0Je suis maman d&rsquo;une puce atteint par cette m&#8230;.. &nbsp;de maladie. Notre vie a bascul\u00e9. D&rsquo;abord, on voit, on sent que notre enfant a un probl\u00e8me : hypotonie, une vraie poup\u00e9e de chiffon&#8230; Apr\u00e8s diverses consultations aupr\u00e8s de neurologue, g\u00e9n\u00e9ticien, m\u00e9decin, le premier diagnostic tombe : probl\u00e8me g\u00e9n\u00e9tique. On se lance dans les tests g\u00e9n\u00e9tiques o\u00f9 les r\u00e9sultats sont longs \u00e0 arriver. Hop, on entre dans le monde du polyhandicap. Pendant 5 ans, tous les jours, notre puce a eu des soins pour l&rsquo;aider \u00e0 se d\u00e9velopper, mais on n&rsquo;avait aucun diagnostic pr\u00e9cis. Alors, on garde l&rsquo;espoir que cela va s&rsquo;am\u00e9liorer, que notre puce va rattraper ses retards et avoir une vie quasi normale. Puis, un jour, la g\u00e9n\u00e9ticienne nous convoque express\u00e9ment \u00e0 Marseille : elle a le nom de la maladie&#8230;Mais comme cette maladie est tr\u00e8s tr\u00e8s peu connue en France (20 cas diagnostiqu\u00e9s), on repart de Marseille sans plus d&rsquo;explications, hormis que notre puce gardera ses retards mental et moteur. Heureusement, j&rsquo;ai rencontr\u00e9 l&rsquo;association Autour du Bpan qui a r\u00e9pondu \u00e0 nos questions et nous a soutenu. Et l\u00e0, notre vie bascule de nouveau : &nbsp;retard moteur, retard mental, troubles visuels, troubles du sommeil, \u00e9pilepsie et absence de la parole..tous les handicaps de ma fille sont li\u00e9s \u00e0 elle, cette maladie affreusement destructrice. Mais, cette maladie vicieuse ne s&rsquo;arr\u00eate pas l\u00e0 : maladie neuro d\u00e9g\u00e9n\u00e9rative vers l&rsquo;\u00e2ge de l&rsquo;adolescence&#8230;le cerveau qui \u00ab\u00a0s&rsquo;\u00e9teint\u00a0\u00bb petit \u00e0 petit..Alors, apr\u00e8s la col\u00e8re, la tristesse et autres \u00e9motions, j&rsquo;ai d\u00e9cid\u00e9 de me battre contre cette maladie. D&rsquo;adord en soutenant ma puce de tout mon \u00eatre, maintenant que l&rsquo;on connait la maladie, elle a des soins bien appropri\u00e9, mais aussi en essayant d&rsquo;\u00eatre active dans l&rsquo;association. Cette association r\u00e9colte des fonds afin de finances des \u00e9quipes de chercheurs afin de trouver un traitement pour ralentir ou att\u00e9nuer les effets de la neuro d\u00e9g\u00e9n\u00e9rescence. On ne peut pas gu\u00e9rir de cette maladie car elle provient d&rsquo;une malformation d&rsquo;un g\u00e8ne. Les enfants atteints de cette maladie sont touch\u00e9s \u00e0 des degr\u00e9s diff\u00e9rents selon la malformation du g\u00e8ne.&nbsp;Voil\u00e0 les grandes lignes qui r\u00e9sument notre parcours&#8230;\u00a0\u00bb<\/p>\n","protected":false},"author":1,"featured_media":737,"parent":107,"menu_order":1,"comment_status":"closed","ping_status":"closed","template":"","meta":{"footnotes":""},"class_list":["post-736","page","type-page","status-publish","has-post-thumbnail","hentry"],"_links":{"self":[{"href":"https:\/\/handiablees.com\/index.php\/wp-json\/wp\/v2\/pages\/736","targetHints":{"allow":["GET"]}}],"collection":[{"href":"https:\/\/handiablees.com\/index.php\/wp-json\/wp\/v2\/pages"}],"about":[{"href":"https:\/\/handiablees.com\/index.php\/wp-json\/wp\/v2\/types\/page"}],"author":[{"embeddable":true,"href":"https:\/\/handiablees.com\/index.php\/wp-json\/wp\/v2\/users\/1"}],"replies":[{"embeddable":true,"href":"https:\/\/handiablees.com\/index.php\/wp-json\/wp\/v2\/comments?post=736"}],"version-history":[{"count":5,"href":"https:\/\/handiablees.com\/index.php\/wp-json\/wp\/v2\/pages\/736\/revisions"}],"predecessor-version":[{"id":804,"href":"https:\/\/handiablees.com\/index.php\/wp-json\/wp\/v2\/pages\/736\/revisions\/804"}],"up":[{"embeddable":true,"href":"https:\/\/handiablees.com\/index.php\/wp-json\/wp\/v2\/pages\/107"}],"wp:featuredmedia":[{"embeddable":true,"href":"https:\/\/handiablees.com\/index.php\/wp-json\/wp\/v2\/media\/737"}],"wp:attachment":[{"href":"https:\/\/handiablees.com\/index.php\/wp-json\/wp\/v2\/media?parent=736"}],"curies":[{"name":"wp","href":"https:\/\/api.w.org\/{rel}","templated":true}]}}