{"id":692,"date":"2020-12-16T08:42:27","date_gmt":"2020-12-16T07:42:27","guid":{"rendered":"http:\/\/handiablees.com\/?page_id=692"},"modified":"2020-12-16T09:08:52","modified_gmt":"2020-12-16T08:08:52","slug":"handicap-et-bien-etre-avec-lanimal","status":"publish","type":"page","link":"https:\/\/handiablees.com\/index.php\/accessibilte\/vie-quotidienne\/activites\/handicap-et-bien-etre-avec-lanimal\/","title":{"rendered":"Handicap et bien-\u00eatre avec l&rsquo;animal"},"content":{"rendered":"\n<p><a rel=\"noreferrer noopener\" href=\"https:\/\/www.animalcalin.fr\/\" data-type=\"URL\" data-id=\"https:\/\/www.animalcalin.fr\/\" target=\"_blank\">AnimalC\u00e2lin.asso, <\/a>un projet n\u00e9 dans la Tarn qui a trouv\u00e9 un \u00e9cho sur Gap par l&rsquo;investissement de deux Psychologues (TTC) &#8211; neuropsychologues pour mettre en avant la m\u00e9diation animale  \ud83d\udc2d<\/p>\n\n\n\n<p>Retrouvez les avanc\u00e9es du duo Neuropsychologue TTC Hautes-Alpes sur Facebook<a href=\"https:\/\/www.facebook.com\/Arnould.Labart\/\" data-type=\"URL\" data-id=\"https:\/\/www.facebook.com\/Arnould.Labart\/\" target=\"_blank\" rel=\"noreferrer noopener\"> \ud83d\udc2d<\/a>.<\/p>\n\n\n\n<p>Nous, familles, avons tous fait l&rsquo;exp\u00e9rience du lien imm\u00e9diat entre un animal et un enfant handicap\u00e9. Fort, direct, vrai, il se passe toujours quelque chose de magique :  <\/p>\n\n\n\n<figure class=\"wp-block-image size-large\"><img loading=\"lazy\" decoding=\"async\" width=\"1024\" height=\"768\" src=\"http:\/\/handiablees.com\/wp-content\/uploads\/2020\/12\/IMG-20201021-WA0001-1024x768.jpg\" alt=\"\" class=\"wp-image-696\" srcset=\"https:\/\/handiablees.com\/wp-content\/uploads\/2020\/12\/IMG-20201021-WA0001-1024x768.jpg 1024w, https:\/\/handiablees.com\/wp-content\/uploads\/2020\/12\/IMG-20201021-WA0001-300x225.jpg 300w, https:\/\/handiablees.com\/wp-content\/uploads\/2020\/12\/IMG-20201021-WA0001-768x576.jpg 768w, https:\/\/handiablees.com\/wp-content\/uploads\/2020\/12\/IMG-20201021-WA0001-1536x1153.jpg 1536w, https:\/\/handiablees.com\/wp-content\/uploads\/2020\/12\/IMG-20201021-WA0001-1000x750.jpg 1000w, https:\/\/handiablees.com\/wp-content\/uploads\/2020\/12\/IMG-20201021-WA0001.jpg 1599w\" sizes=\"auto, (max-width: 1024px) 100vw, 1024px\" \/><\/figure>\n\n\n\n<figure class=\"wp-block-image size-large\"><img loading=\"lazy\" decoding=\"async\" width=\"1024\" height=\"1024\" src=\"http:\/\/handiablees.com\/wp-content\/uploads\/2020\/12\/IMG-20201021-WA0005-1024x1024.jpg\" alt=\"\" class=\"wp-image-698\" srcset=\"https:\/\/handiablees.com\/wp-content\/uploads\/2020\/12\/IMG-20201021-WA0005-1024x1024.jpg 1024w, https:\/\/handiablees.com\/wp-content\/uploads\/2020\/12\/IMG-20201021-WA0005-300x300.jpg 300w, https:\/\/handiablees.com\/wp-content\/uploads\/2020\/12\/IMG-20201021-WA0005-150x150.jpg 150w, https:\/\/handiablees.com\/wp-content\/uploads\/2020\/12\/IMG-20201021-WA0005-768x768.jpg 768w, https:\/\/handiablees.com\/wp-content\/uploads\/2020\/12\/IMG-20201021-WA0005-1536x1536.jpg 1536w, https:\/\/handiablees.com\/wp-content\/uploads\/2020\/12\/IMG-20201021-WA0005-1000x1000.jpg 1000w, https:\/\/handiablees.com\/wp-content\/uploads\/2020\/12\/IMG-20201021-WA0005-75x75.jpg 75w, https:\/\/handiablees.com\/wp-content\/uploads\/2020\/12\/IMG-20201021-WA0005.jpg 1600w\" sizes=\"auto, (max-width: 1024px) 100vw, 1024px\" \/><\/figure>\n\n\n\n<figure class=\"wp-block-image size-large\"><img loading=\"lazy\" decoding=\"async\" width=\"1200\" height=\"900\" src=\"http:\/\/handiablees.com\/wp-content\/uploads\/2020\/12\/IMG-20200717-WA0002-edited.jpg\" alt=\"\" class=\"wp-image-700\" srcset=\"https:\/\/handiablees.com\/wp-content\/uploads\/2020\/12\/IMG-20200717-WA0002-edited.jpg 1200w, https:\/\/handiablees.com\/wp-content\/uploads\/2020\/12\/IMG-20200717-WA0002-edited-300x225.jpg 300w, https:\/\/handiablees.com\/wp-content\/uploads\/2020\/12\/IMG-20200717-WA0002-edited-1024x768.jpg 1024w, https:\/\/handiablees.com\/wp-content\/uploads\/2020\/12\/IMG-20200717-WA0002-edited-768x576.jpg 768w, https:\/\/handiablees.com\/wp-content\/uploads\/2020\/12\/IMG-20200717-WA0002-edited-1000x750.jpg 1000w\" sizes=\"auto, (max-width: 1200px) 100vw, 1200px\" \/><\/figure>\n\n\n\n<figure class=\"wp-block-image size-large\"><img loading=\"lazy\" decoding=\"async\" width=\"320\" height=\"320\" src=\"http:\/\/handiablees.com\/wp-content\/uploads\/2020\/12\/IMG_20201111_071739_076.jpg\" alt=\"\" class=\"wp-image-703\" srcset=\"https:\/\/handiablees.com\/wp-content\/uploads\/2020\/12\/IMG_20201111_071739_076.jpg 320w, https:\/\/handiablees.com\/wp-content\/uploads\/2020\/12\/IMG_20201111_071739_076-300x300.jpg 300w, https:\/\/handiablees.com\/wp-content\/uploads\/2020\/12\/IMG_20201111_071739_076-150x150.jpg 150w, https:\/\/handiablees.com\/wp-content\/uploads\/2020\/12\/IMG_20201111_071739_076-75x75.jpg 75w\" sizes=\"auto, (max-width: 320px) 100vw, 320px\" \/><\/figure>\n","protected":false},"excerpt":{"rendered":"<p>AnimalC\u00e2lin.asso, un projet n\u00e9 dans la Tarn qui a trouv\u00e9 un \u00e9cho sur Gap par l&rsquo;investissement de deux Psychologues (TTC) &#8211; neuropsychologues pour mettre en avant la m\u00e9diation animale \ud83d\udc2d Retrouvez les avanc\u00e9es du duo Neuropsychologue TTC Hautes-Alpes sur Facebook \ud83d\udc2d. Nous, familles, avons tous fait l&rsquo;exp\u00e9rience du lien imm\u00e9diat entre un animal et un enfant handicap\u00e9. Fort, direct, vrai, il se passe toujours quelque chose de magique :<\/p>\n","protected":false},"author":1,"featured_media":701,"parent":66,"menu_order":1,"comment_status":"closed","ping_status":"closed","template":"","meta":{"footnotes":""},"class_list":["post-692","page","type-page","status-publish","has-post-thumbnail","hentry"],"_links":{"self":[{"href":"https:\/\/handiablees.com\/index.php\/wp-json\/wp\/v2\/pages\/692","targetHints":{"allow":["GET"]}}],"collection":[{"href":"https:\/\/handiablees.com\/index.php\/wp-json\/wp\/v2\/pages"}],"about":[{"href":"https:\/\/handiablees.com\/index.php\/wp-json\/wp\/v2\/types\/page"}],"author":[{"embeddable":true,"href":"https:\/\/handiablees.com\/index.php\/wp-json\/wp\/v2\/users\/1"}],"replies":[{"embeddable":true,"href":"https:\/\/handiablees.com\/index.php\/wp-json\/wp\/v2\/comments?post=692"}],"version-history":[{"count":5,"href":"https:\/\/handiablees.com\/index.php\/wp-json\/wp\/v2\/pages\/692\/revisions"}],"predecessor-version":[{"id":705,"href":"https:\/\/handiablees.com\/index.php\/wp-json\/wp\/v2\/pages\/692\/revisions\/705"}],"up":[{"embeddable":true,"href":"https:\/\/handiablees.com\/index.php\/wp-json\/wp\/v2\/pages\/66"}],"wp:featuredmedia":[{"embeddable":true,"href":"https:\/\/handiablees.com\/index.php\/wp-json\/wp\/v2\/media\/701"}],"wp:attachment":[{"href":"https:\/\/handiablees.com\/index.php\/wp-json\/wp\/v2\/media?parent=692"}],"curies":[{"name":"wp","href":"https:\/\/api.w.org\/{rel}","templated":true}]}}