{"id":601,"date":"2020-11-21T07:52:55","date_gmt":"2020-11-21T06:52:55","guid":{"rendered":"http:\/\/handiablees.com\/?page_id=601"},"modified":"2021-01-22T15:54:41","modified_gmt":"2021-01-22T14:54:41","slug":"fauteuil-roulant-vetements-et-accessoires","status":"publish","type":"page","link":"https:\/\/handiablees.com\/index.php\/accessibilte\/vie-quotidienne\/astuces-gadgets\/fauteuil-roulant-vetements-et-accessoires\/","title":{"rendered":"Fauteuil roulant : V\u00eatements et accessoires"},"content":{"rendered":"\n<p class=\"has-drop-cap\"><a rel=\"noreferrer noopener\" href=\"https:\/\/www.tcap.fr\/\" target=\"_blank\" data-type=\"URL\" data-id=\"https:\/\/www.tcap.fr\/\">Tcap<\/a><a href=\"https:\/\/www.tcap.fr\/\" data-type=\"URL\" data-id=\"https:\/\/www.tcap.fr\/\" target=\"_blank\" rel=\"noreferrer noopener\"> \ud83d\udc2d<\/a>, pour la protection et la d\u00e9coration, des capes adapt\u00e9es et enjoliveurs de roues,vous trouverez du choix et de la qualit\u00e9 100% fran\u00e7ais. Oui on sait innover sur le territoire \ud83d\ude0d<\/p>\n","protected":false},"excerpt":{"rendered":"<p>Tcap \ud83d\udc2d, pour la protection et la d\u00e9coration, des capes adapt\u00e9es et enjoliveurs de roues,vous trouverez du choix et de la qualit\u00e9 100% fran\u00e7ais. Oui on sait innover sur le territoire \ud83d\ude0d<\/p>\n","protected":false},"author":1,"featured_media":0,"parent":61,"menu_order":3,"comment_status":"closed","ping_status":"closed","template":"","meta":{"footnotes":""},"class_list":["post-601","page","type-page","status-publish","hentry"],"_links":{"self":[{"href":"https:\/\/handiablees.com\/index.php\/wp-json\/wp\/v2\/pages\/601","targetHints":{"allow":["GET"]}}],"collection":[{"href":"https:\/\/handiablees.com\/index.php\/wp-json\/wp\/v2\/pages"}],"about":[{"href":"https:\/\/handiablees.com\/index.php\/wp-json\/wp\/v2\/types\/page"}],"author":[{"embeddable":true,"href":"https:\/\/handiablees.com\/index.php\/wp-json\/wp\/v2\/users\/1"}],"replies":[{"embeddable":true,"href":"https:\/\/handiablees.com\/index.php\/wp-json\/wp\/v2\/comments?post=601"}],"version-history":[{"count":3,"href":"https:\/\/handiablees.com\/index.php\/wp-json\/wp\/v2\/pages\/601\/revisions"}],"predecessor-version":[{"id":651,"href":"https:\/\/handiablees.com\/index.php\/wp-json\/wp\/v2\/pages\/601\/revisions\/651"}],"up":[{"embeddable":true,"href":"https:\/\/handiablees.com\/index.php\/wp-json\/wp\/v2\/pages\/61"}],"wp:attachment":[{"href":"https:\/\/handiablees.com\/index.php\/wp-json\/wp\/v2\/media?parent=601"}],"curies":[{"name":"wp","href":"https:\/\/api.w.org\/{rel}","templated":true}]}}