{"id":470,"date":"2020-11-15T14:37:35","date_gmt":"2020-11-15T13:37:35","guid":{"rendered":"http:\/\/handiablees.com\/?page_id=470"},"modified":"2021-01-22T17:22:28","modified_gmt":"2021-01-22T16:22:28","slug":"pictogrammes-et-makaton","status":"publish","type":"page","link":"https:\/\/handiablees.com\/index.php\/accessibilte\/vie-quotidienne\/communication\/pictogrammes-et-makaton\/","title":{"rendered":"Pictogrammes et makaton"},"content":{"rendered":"\n<p>Pour t\u00e9l\u00e9charger gratuitement des pictogrammes <a rel=\"noreferrer noopener\" href=\"https:\/\/www.makaton.fr\/materielmakaton\/materiel-a-telecharger\" data-type=\"URL\" data-id=\"https:\/\/www.makaton.fr\/materielmakaton\/materiel-a-telecharger\" target=\"_blank\">Makaton<\/a>, suivez le guide.<a href=\"https:\/\/www.makaton.fr\/materielmakaton\/materiel-a-telecharger\" data-type=\"URL\" data-id=\"https:\/\/www.makaton.fr\/materielmakaton\/materiel-a-telecharger\" target=\"_blank\" rel=\"noreferrer noopener\"> \ud83d\udc2d<\/a><\/p>\n\n\n\n<p>Des pictogrammes toujours bien rang\u00e9s et \u00e0 disposition, utilisez la bo\u00eete de rangement sur <a rel=\"noreferrer noopener\" href=\"https:\/\/www.hoptoys.fr\/rentree-2017\/boite-de-rangement-pictogrammes-p-13065.html?search_query=Boite+pictogrammes&amp;results=244\" data-type=\"URL\" data-id=\"https:\/\/www.hoptoys.fr\/rentree-2017\/boite-de-rangement-pictogrammes-p-13065.html?search_query=Boite+pictogrammes&amp;results=244\" target=\"_blank\">hoptoys<\/a> ou les pochettes adapt\u00e9es. <a rel=\"noreferrer noopener\" href=\"https:\/\/www.hoptoys.fr\/rentree-2017\/boite-de-rangement-pictogrammes-p-13065.html?search_query=Boite+pictogrammes&amp;results=244\" data-type=\"URL\" data-id=\"https:\/\/www.hoptoys.fr\/rentree-2017\/boite-de-rangement-pictogrammes-p-13065.html?search_query=Boite+pictogrammes&amp;results=244\" target=\"_blank\">\ud83d\udc2d<\/a><\/p>\n\n\n\n<p>La communication alternative, qu&rsquo;est ce que c&rsquo;est ? <a href=\"https:\/\/www.hoptoys.fr\/\">\ud83d\udc2d<\/a><\/p>\n\n\n\n<p>Pour une pr\u00e9sentation sur la communication alternative, consultez le blog  pr\u00e9sentant les moyens et supports existants. <a rel=\"noreferrer noopener\" href=\"http:\/\/handiablees.com\/index.php\/2020\/11\/15\/blog-hoptoys-moyens-et-support\/\" data-type=\"URL\" data-id=\"http:\/\/handiablees.com\/index.php\/2020\/11\/15\/blog-hoptoys-moyens-et-support\/\" target=\"_blank\">\ud83d\udc2d<\/a><\/p>\n\n\n\n<figure class=\"wp-block-image size-large is-resized is-style-rounded\"><img loading=\"lazy\" decoding=\"async\" src=\"http:\/\/handiablees.com\/wp-content\/uploads\/2020\/11\/IMG-20201115-WA0010-576x1024.jpg\" alt=\"\" class=\"wp-image-486\" width=\"323\" height=\"575\" srcset=\"https:\/\/handiablees.com\/wp-content\/uploads\/2020\/11\/IMG-20201115-WA0010-576x1024.jpg 576w, https:\/\/handiablees.com\/wp-content\/uploads\/2020\/11\/IMG-20201115-WA0010-169x300.jpg 169w, https:\/\/handiablees.com\/wp-content\/uploads\/2020\/11\/IMG-20201115-WA0010-768x1365.jpg 768w, https:\/\/handiablees.com\/wp-content\/uploads\/2020\/11\/IMG-20201115-WA0010-864x1536.jpg 864w, https:\/\/handiablees.com\/wp-content\/uploads\/2020\/11\/IMG-20201115-WA0010.jpg 900w\" sizes=\"auto, (max-width: 323px) 100vw, 323px\" \/><figcaption>Carine, super maman d&rsquo;une jeune fille polyhandicap\u00e9e, propose aussi de toujours  garder ses pictogrammes sur soi! Petite astuce \u00e0 craquer \ud83d\ude0d<\/figcaption><\/figure>\n\n\n\n<figure class=\"wp-block-image size-large is-resized is-style-rounded\"><img loading=\"lazy\" decoding=\"async\" src=\"http:\/\/handiablees.com\/wp-content\/uploads\/2020\/11\/IMG-20201115-WA0011-576x1024.jpg\" alt=\"\" class=\"wp-image-485\" width=\"301\" height=\"535\" srcset=\"https:\/\/handiablees.com\/wp-content\/uploads\/2020\/11\/IMG-20201115-WA0011-576x1024.jpg 576w, https:\/\/handiablees.com\/wp-content\/uploads\/2020\/11\/IMG-20201115-WA0011-169x300.jpg 169w, https:\/\/handiablees.com\/wp-content\/uploads\/2020\/11\/IMG-20201115-WA0011-768x1365.jpg 768w, https:\/\/handiablees.com\/wp-content\/uploads\/2020\/11\/IMG-20201115-WA0011-864x1536.jpg 864w, https:\/\/handiablees.com\/wp-content\/uploads\/2020\/11\/IMG-20201115-WA0011.jpg 900w\" sizes=\"auto, (max-width: 301px) 100vw, 301px\" \/><\/figure>\n\n\n\n<figure class=\"wp-block-image size-large is-resized is-style-rounded\"><img loading=\"lazy\" decoding=\"async\" src=\"http:\/\/handiablees.com\/wp-content\/uploads\/2020\/11\/IMG-20201115-WA0012-576x1024.jpg\" alt=\"\" class=\"wp-image-484\" width=\"281\" height=\"499\" srcset=\"https:\/\/handiablees.com\/wp-content\/uploads\/2020\/11\/IMG-20201115-WA0012-576x1024.jpg 576w, https:\/\/handiablees.com\/wp-content\/uploads\/2020\/11\/IMG-20201115-WA0012-169x300.jpg 169w, https:\/\/handiablees.com\/wp-content\/uploads\/2020\/11\/IMG-20201115-WA0012-768x1365.jpg 768w, https:\/\/handiablees.com\/wp-content\/uploads\/2020\/11\/IMG-20201115-WA0012-864x1536.jpg 864w, https:\/\/handiablees.com\/wp-content\/uploads\/2020\/11\/IMG-20201115-WA0012.jpg 900w\" sizes=\"auto, (max-width: 281px) 100vw, 281px\" \/><figcaption>Avec notamment les pictogrammes du quotidien \ud83d\ude00<\/figcaption><\/figure>\n","protected":false},"excerpt":{"rendered":"<p>Pour t\u00e9l\u00e9charger gratuitement des pictogrammes Makaton, suivez le guide. \ud83d\udc2d Des pictogrammes toujours bien rang\u00e9s et \u00e0 disposition, utilisez la bo\u00eete de rangement sur hoptoys ou les pochettes adapt\u00e9es. \ud83d\udc2d La communication alternative, qu&rsquo;est ce que c&rsquo;est ? \ud83d\udc2d Pour une pr\u00e9sentation sur la communication alternative, consultez le blog pr\u00e9sentant les moyens et supports existants. \ud83d\udc2d<\/p>\n","protected":false},"author":1,"featured_media":0,"parent":72,"menu_order":1,"comment_status":"closed","ping_status":"closed","template":"","meta":{"footnotes":""},"class_list":["post-470","page","type-page","status-publish","hentry"],"_links":{"self":[{"href":"https:\/\/handiablees.com\/index.php\/wp-json\/wp\/v2\/pages\/470","targetHints":{"allow":["GET"]}}],"collection":[{"href":"https:\/\/handiablees.com\/index.php\/wp-json\/wp\/v2\/pages"}],"about":[{"href":"https:\/\/handiablees.com\/index.php\/wp-json\/wp\/v2\/types\/page"}],"author":[{"embeddable":true,"href":"https:\/\/handiablees.com\/index.php\/wp-json\/wp\/v2\/users\/1"}],"replies":[{"embeddable":true,"href":"https:\/\/handiablees.com\/index.php\/wp-json\/wp\/v2\/comments?post=470"}],"version-history":[{"count":27,"href":"https:\/\/handiablees.com\/index.php\/wp-json\/wp\/v2\/pages\/470\/revisions"}],"predecessor-version":[{"id":872,"href":"https:\/\/handiablees.com\/index.php\/wp-json\/wp\/v2\/pages\/470\/revisions\/872"}],"up":[{"embeddable":true,"href":"https:\/\/handiablees.com\/index.php\/wp-json\/wp\/v2\/pages\/72"}],"wp:attachment":[{"href":"https:\/\/handiablees.com\/index.php\/wp-json\/wp\/v2\/media?parent=470"}],"curies":[{"name":"wp","href":"https:\/\/api.w.org\/{rel}","templated":true}]}}