{"id":464,"date":"2020-11-15T07:55:34","date_gmt":"2020-11-15T06:55:34","guid":{"rendered":"http:\/\/handiablees.com\/?page_id=464"},"modified":"2021-01-22T17:27:38","modified_gmt":"2021-01-22T16:27:38","slug":"plateforme-des-aidants-05-edith-seltzer","status":"publish","type":"page","link":"https:\/\/handiablees.com\/index.php\/special-parents\/plateforme-des-aidants-05-edith-seltzer\/","title":{"rendered":"Plateforme des aidants 05 Edith Seltzer"},"content":{"rendered":"\n<p>En tant qu&rsquo;aidant, nous pouvons \u00eatre amen\u00e9s \u00e0 vivre des moments difficiles. Le besoin d&rsquo;aide, de r\u00e9pit, de soutien, la<a rel=\"noreferrer noopener\" href=\"http:\/\/www.fondationseltzer.fr\/soins-medicaux\/plate-forme-pour-les-aidants\" data-type=\"URL\" data-id=\"http:\/\/www.fondationseltzer.fr\/soins-medicaux\/plate-forme-pour-les-aidants\" target=\"_blank\"> plateforme Edith Seltzer<\/a> est l\u00e0. Elle propose divers m\u00e9thodes pour nous soutenir, nous parents, mais aussi pour les fratries.<a href=\"http:\/\/www.fondationseltzer.fr\/soins-medicaux\/plate-forme-pour-les-aidants\" data-type=\"URL\" data-id=\"http:\/\/www.fondationseltzer.fr\/soins-medicaux\/plate-forme-pour-les-aidants\" target=\"_blank\" rel=\"noreferrer noopener\"> \ud83d\udc2d<\/a><\/p>\n","protected":false},"excerpt":{"rendered":"<p>En tant qu&rsquo;aidant, nous pouvons \u00eatre amen\u00e9s \u00e0 vivre des moments difficiles. Le besoin d&rsquo;aide, de r\u00e9pit, de soutien, la plateforme Edith Seltzer est l\u00e0. Elle propose divers m\u00e9thodes pour nous soutenir, nous parents, mais aussi pour les fratries. \ud83d\udc2d<\/p>\n","protected":false},"author":1,"featured_media":0,"parent":107,"menu_order":0,"comment_status":"closed","ping_status":"closed","template":"","meta":{"footnotes":""},"class_list":["post-464","page","type-page","status-publish","hentry"],"_links":{"self":[{"href":"https:\/\/handiablees.com\/index.php\/wp-json\/wp\/v2\/pages\/464","targetHints":{"allow":["GET"]}}],"collection":[{"href":"https:\/\/handiablees.com\/index.php\/wp-json\/wp\/v2\/pages"}],"about":[{"href":"https:\/\/handiablees.com\/index.php\/wp-json\/wp\/v2\/types\/page"}],"author":[{"embeddable":true,"href":"https:\/\/handiablees.com\/index.php\/wp-json\/wp\/v2\/users\/1"}],"replies":[{"embeddable":true,"href":"https:\/\/handiablees.com\/index.php\/wp-json\/wp\/v2\/comments?post=464"}],"version-history":[{"count":4,"href":"https:\/\/handiablees.com\/index.php\/wp-json\/wp\/v2\/pages\/464\/revisions"}],"predecessor-version":[{"id":873,"href":"https:\/\/handiablees.com\/index.php\/wp-json\/wp\/v2\/pages\/464\/revisions\/873"}],"up":[{"embeddable":true,"href":"https:\/\/handiablees.com\/index.php\/wp-json\/wp\/v2\/pages\/107"}],"wp:attachment":[{"href":"https:\/\/handiablees.com\/index.php\/wp-json\/wp\/v2\/media?parent=464"}],"curies":[{"name":"wp","href":"https:\/\/api.w.org\/{rel}","templated":true}]}}