{"id":126,"date":"2019-12-06T11:40:13","date_gmt":"2019-12-06T10:40:13","guid":{"rendered":"http:\/\/handiablees.com\/?page_id=126"},"modified":"2021-02-15T14:04:04","modified_gmt":"2021-02-15T13:04:04","slug":"occasions-et-trocs","status":"publish","type":"page","link":"https:\/\/handiablees.com\/index.php\/communication-2\/occasions-et-trocs\/","title":{"rendered":"Recherche ou donne, la page \u00e0 votre disposition !"},"content":{"rendered":"\n<p>Nous avons tous ou toutes v\u00e9cu ce moment o\u00f9 nous avons du mat\u00e9riel en super \u00e9tat pr\u00eat \u00e0 resservir. <\/p>\n\n\n\n<p>Nous avons tous et toutes besoin d&rsquo;\u00eatre d\u00e9pann\u00e9 \u00e0 un moment de nos vies. <\/p>\n\n\n\n<p>Nous mettons \u00e0 votre disposition une page pour vos annonces. N&rsquo;h\u00e9sitez \u00e0 la d\u00e9poser sur contact@handiablees.com<\/p>\n\n\n\n<p><\/p>\n","protected":false},"excerpt":{"rendered":"<p>Nous avons tous ou toutes v\u00e9cu ce moment o\u00f9 nous avons du mat\u00e9riel en super \u00e9tat pr\u00eat \u00e0 resservir. Nous avons tous et toutes besoin d&rsquo;\u00eatre d\u00e9pann\u00e9 \u00e0 un moment de nos vies. Nous mettons \u00e0 votre disposition une page pour vos annonces. N&rsquo;h\u00e9sitez \u00e0 la d\u00e9poser sur contact@handiablees.com<\/p>\n","protected":false},"author":1,"featured_media":0,"parent":808,"menu_order":4,"comment_status":"closed","ping_status":"closed","template":"","meta":{"footnotes":""},"class_list":["post-126","page","type-page","status-publish","hentry"],"_links":{"self":[{"href":"https:\/\/handiablees.com\/index.php\/wp-json\/wp\/v2\/pages\/126","targetHints":{"allow":["GET"]}}],"collection":[{"href":"https:\/\/handiablees.com\/index.php\/wp-json\/wp\/v2\/pages"}],"about":[{"href":"https:\/\/handiablees.com\/index.php\/wp-json\/wp\/v2\/types\/page"}],"author":[{"embeddable":true,"href":"https:\/\/handiablees.com\/index.php\/wp-json\/wp\/v2\/users\/1"}],"replies":[{"embeddable":true,"href":"https:\/\/handiablees.com\/index.php\/wp-json\/wp\/v2\/comments?post=126"}],"version-history":[{"count":2,"href":"https:\/\/handiablees.com\/index.php\/wp-json\/wp\/v2\/pages\/126\/revisions"}],"predecessor-version":[{"id":956,"href":"https:\/\/handiablees.com\/index.php\/wp-json\/wp\/v2\/pages\/126\/revisions\/956"}],"up":[{"embeddable":true,"href":"https:\/\/handiablees.com\/index.php\/wp-json\/wp\/v2\/pages\/808"}],"wp:attachment":[{"href":"https:\/\/handiablees.com\/index.php\/wp-json\/wp\/v2\/media?parent=126"}],"curies":[{"name":"wp","href":"https:\/\/api.w.org\/{rel}","templated":true}]}}