{"id":1153,"date":"2022-06-04T17:16:58","date_gmt":"2022-06-04T15:16:58","guid":{"rendered":"http:\/\/handiablees.com\/?page_id=1153"},"modified":"2022-06-04T21:48:32","modified_gmt":"2022-06-04T19:48:32","slug":"operation-vache","status":"publish","type":"page","link":"https:\/\/handiablees.com\/index.php\/operations-speciales\/operation-vache\/","title":{"rendered":"Op\u00e9ration Vache"},"content":{"rendered":"\n<p>L&rsquo;association Handiabl\u00e9.e.s est heureuse de vous annoncer la retenue d&rsquo;un projet pour la remise en beaut\u00e9 des Vaches de Gap, ces jolies b\u00eates qui se dorent au soleil de nos ronds-points. <\/p>\n\n\n\n<p>Mod\u00e8le printemps \/ \u00e9t\u00e9 2022 \u00ab\u00a0Sous la peau\u00a0\u00bb<\/p>\n\n\n\n<p><\/p>\n\n\n\n<figure class=\"wp-block-image size-full\"><img loading=\"lazy\" decoding=\"async\" width=\"639\" height=\"350\" src=\"http:\/\/handiablees.com\/wp-content\/uploads\/2022\/06\/Vache.jpeg\" alt=\"\" class=\"wp-image-1164\" srcset=\"https:\/\/handiablees.com\/wp-content\/uploads\/2022\/06\/Vache.jpeg 639w, https:\/\/handiablees.com\/wp-content\/uploads\/2022\/06\/Vache-300x164.jpeg 300w\" sizes=\"auto, (max-width: 639px) 100vw, 639px\" \/><\/figure>\n\n\n\n<p>Pour sensibiliser \u00e0 nos vies mais aussi offrir aux familles et enfants un moment de partage en toute l\u00e9g\u00e8ret\u00e9 et amiti\u00e9.<\/p>\n\n\n\n<p>Le but de l&rsquo;association est d&rsquo;amener \u00e0 nos enfants et familles un monde qui leur est impossible aujourd&rsquo;hui. L&rsquo;art est des manques les plus cruels.<\/p>\n\n\n\n<p>Une action qui j&rsquo;esp\u00e8re portera tous les fruits que nous aimerions planter pour en voir \u00e9merger un arbre de g\u00e9n\u00e9rosit\u00e9.<\/p>\n","protected":false},"excerpt":{"rendered":"<p>L&rsquo;association Handiabl\u00e9.e.s est heureuse de vous annoncer la retenue d&rsquo;un projet pour la remise en beaut\u00e9 des Vaches de Gap, ces jolies b\u00eates qui se dorent au soleil de nos ronds-points. Mod\u00e8le printemps \/ \u00e9t\u00e9 2022 \u00ab\u00a0Sous la peau\u00a0\u00bb Pour sensibiliser \u00e0 nos vies mais aussi offrir aux familles et enfants un moment de partage en toute l\u00e9g\u00e8ret\u00e9 et amiti\u00e9. Le but de l&rsquo;association est d&rsquo;amener \u00e0 nos enfants et familles un monde qui leur est impossible aujourd&rsquo;hui. L&rsquo;art est des manques les plus cruels. Une action qui j&rsquo;esp\u00e8re portera tous les fruits que nous aimerions planter pour en voir \u00e9merger un arbre de g\u00e9n\u00e9rosit\u00e9.<\/p>\n","protected":false},"author":1,"featured_media":0,"parent":1170,"menu_order":1,"comment_status":"closed","ping_status":"closed","template":"","meta":{"footnotes":""},"class_list":["post-1153","page","type-page","status-publish","hentry"],"_links":{"self":[{"href":"https:\/\/handiablees.com\/index.php\/wp-json\/wp\/v2\/pages\/1153","targetHints":{"allow":["GET"]}}],"collection":[{"href":"https:\/\/handiablees.com\/index.php\/wp-json\/wp\/v2\/pages"}],"about":[{"href":"https:\/\/handiablees.com\/index.php\/wp-json\/wp\/v2\/types\/page"}],"author":[{"embeddable":true,"href":"https:\/\/handiablees.com\/index.php\/wp-json\/wp\/v2\/users\/1"}],"replies":[{"embeddable":true,"href":"https:\/\/handiablees.com\/index.php\/wp-json\/wp\/v2\/comments?post=1153"}],"version-history":[{"count":4,"href":"https:\/\/handiablees.com\/index.php\/wp-json\/wp\/v2\/pages\/1153\/revisions"}],"predecessor-version":[{"id":1175,"href":"https:\/\/handiablees.com\/index.php\/wp-json\/wp\/v2\/pages\/1153\/revisions\/1175"}],"up":[{"embeddable":true,"href":"https:\/\/handiablees.com\/index.php\/wp-json\/wp\/v2\/pages\/1170"}],"wp:attachment":[{"href":"https:\/\/handiablees.com\/index.php\/wp-json\/wp\/v2\/media?parent=1153"}],"curies":[{"name":"wp","href":"https:\/\/api.w.org\/{rel}","templated":true}]}}