{"id":1068,"date":"2021-05-19T09:26:50","date_gmt":"2021-05-19T07:26:50","guid":{"rendered":"http:\/\/handiablees.com\/?page_id=1068"},"modified":"2021-05-19T09:32:31","modified_gmt":"2021-05-19T07:32:31","slug":"les-mallettes-polypedagogiques","status":"publish","type":"page","link":"https:\/\/handiablees.com\/index.php\/accessibilte\/vie-quotidienne\/astuces-gadgets\/les-mallettes-polypedagogiques\/","title":{"rendered":"Les mallettes poly&rsquo;p\u00e9dagogiques"},"content":{"rendered":"\n<p> Cette page sp\u00e9cifique est un puit d&rsquo;id\u00e9es \u00e0 d\u00e9velopper :  cr\u00e9er facilement des objets adapt\u00e9s, monter des activit\u00e9s adapt\u00e9es&#8230;DIsponible sur Facebook, cette initiative des <a rel=\"noreferrer noopener\" href=\"https:\/\/www.facebook.com\/lesmallettespolypedagogiques\/\" data-type=\"URL\" data-id=\"https:\/\/www.facebook.com\/lesmallettespolypedagogiques\/\" target=\"_blank\">malettes Poly&rsquo;p\u00e9dagogiques \ud83d\udc2d <\/a>est mont\u00e9e par l&rsquo;association\u00a0\u00bbDes carr\u00e9s dans des ronds\u00a0\u00bb. <\/p>\n\n\n\n<p>A d\u00e9couvrir absolument!<\/p>\n","protected":false},"excerpt":{"rendered":"<p>Cette page sp\u00e9cifique est un puit d&rsquo;id\u00e9es \u00e0 d\u00e9velopper : cr\u00e9er facilement des objets adapt\u00e9s, monter des activit\u00e9s adapt\u00e9es&#8230;DIsponible sur Facebook, cette initiative des malettes Poly&rsquo;p\u00e9dagogiques \ud83d\udc2d est mont\u00e9e par l&rsquo;association\u00a0\u00bbDes carr\u00e9s dans des ronds\u00a0\u00bb. A d\u00e9couvrir absolument!<\/p>\n","protected":false},"author":1,"featured_media":0,"parent":61,"menu_order":2,"comment_status":"open","ping_status":"closed","template":"","meta":{"footnotes":""},"class_list":["post-1068","page","type-page","status-publish","hentry"],"_links":{"self":[{"href":"https:\/\/handiablees.com\/index.php\/wp-json\/wp\/v2\/pages\/1068","targetHints":{"allow":["GET"]}}],"collection":[{"href":"https:\/\/handiablees.com\/index.php\/wp-json\/wp\/v2\/pages"}],"about":[{"href":"https:\/\/handiablees.com\/index.php\/wp-json\/wp\/v2\/types\/page"}],"author":[{"embeddable":true,"href":"https:\/\/handiablees.com\/index.php\/wp-json\/wp\/v2\/users\/1"}],"replies":[{"embeddable":true,"href":"https:\/\/handiablees.com\/index.php\/wp-json\/wp\/v2\/comments?post=1068"}],"version-history":[{"count":2,"href":"https:\/\/handiablees.com\/index.php\/wp-json\/wp\/v2\/pages\/1068\/revisions"}],"predecessor-version":[{"id":1071,"href":"https:\/\/handiablees.com\/index.php\/wp-json\/wp\/v2\/pages\/1068\/revisions\/1071"}],"up":[{"embeddable":true,"href":"https:\/\/handiablees.com\/index.php\/wp-json\/wp\/v2\/pages\/61"}],"wp:attachment":[{"href":"https:\/\/handiablees.com\/index.php\/wp-json\/wp\/v2\/media?parent=1068"}],"curies":[{"name":"wp","href":"https:\/\/api.w.org\/{rel}","templated":true}]}}