{"id":1056,"date":"2021-05-18T17:00:21","date_gmt":"2021-05-18T15:00:21","guid":{"rendered":"http:\/\/handiablees.com\/?page_id=1056"},"modified":"2021-05-18T17:00:23","modified_gmt":"2021-05-18T15:00:23","slug":"communication-alternative-et-amelioree","status":"publish","type":"page","link":"https:\/\/handiablees.com\/index.php\/accessibilte\/vie-quotidienne\/communication\/communication-alternative-et-amelioree\/","title":{"rendered":"Communication Alternative et Am\u00e9lior\u00e9e"},"content":{"rendered":"\n<p>La\u00a0<strong>Communication Alternative et Am\u00e9lior\u00e9e<\/strong>\u00a0met \u00e0 disposition de toute personne ayant des difficult\u00e9s complexes de communication, des solutions pour s\u2019exprimer, comprendre, et se faire comprendre. <\/p>\n\n\n\n<p>Lire que cette apprentissage bien sp\u00e9cifique peut, ou m\u00eame doit, se faire en immersion au plus proche de l&rsquo;enfant handicap\u00e9, en lien avec les aidants, est plus que passionnant. Il s&rsquo;agit alors d&rsquo;une approche adapt\u00e9e qui va, de fait, montrer une efficacit\u00e9 redoutable. C&rsquo;est enfin et surtout un support suppl\u00e9mentaire pour les proches aidants qui sont demandeurs d&rsquo;outils pour am\u00e9liorer leur quotidien. L&rsquo;enjeu est d&rsquo;acc\u00e9der \u00e0 une communication avec un enfant polyhandicap\u00e9 ou porteur d&rsquo;un handicap diminuant consid\u00e9rablement cette capacit\u00e9. <\/p>\n\n\n\n<p>Plus d&rsquo;informations et des contacts sur le lien fran\u00e7ais de<a href=\"https:\/\/www.isaac-fr.org\/agir-avec-caa\/\" data-type=\"URL\" data-id=\"https:\/\/www.isaac-fr.org\/agir-avec-caa\/\" target=\"_blank\" rel=\"noreferrer noopener\"> l&rsquo;Association Internationale pour la Communication Alternative et Am\u00e9lior\u00e9e \ud83d\udc2d<\/a><\/p>\n","protected":false},"excerpt":{"rendered":"<p>La\u00a0Communication Alternative et Am\u00e9lior\u00e9e\u00a0met \u00e0 disposition de toute personne ayant des difficult\u00e9s complexes de communication, des solutions pour s\u2019exprimer, comprendre, et se faire comprendre. Lire que cette apprentissage bien sp\u00e9cifique peut, ou m\u00eame doit, se faire en immersion au plus proche de l&rsquo;enfant handicap\u00e9, en lien avec les aidants, est plus que passionnant. Il s&rsquo;agit alors d&rsquo;une approche adapt\u00e9e qui va, de fait, montrer une efficacit\u00e9 redoutable. C&rsquo;est enfin et surtout un support suppl\u00e9mentaire pour les proches aidants qui sont demandeurs d&rsquo;outils pour am\u00e9liorer leur quotidien. L&rsquo;enjeu est d&rsquo;acc\u00e9der \u00e0 une communication avec un enfant polyhandicap\u00e9 ou porteur d&rsquo;un handicap diminuant consid\u00e9rablement cette capacit\u00e9. Plus d&rsquo;informations et des contacts sur le lien fran\u00e7ais de l&rsquo;Association Internationale pour la Communication Alternative et Am\u00e9lior\u00e9e \ud83d\udc2d<\/p>\n","protected":false},"author":1,"featured_media":0,"parent":72,"menu_order":1,"comment_status":"open","ping_status":"closed","template":"","meta":{"footnotes":""},"class_list":["post-1056","page","type-page","status-publish","hentry"],"_links":{"self":[{"href":"https:\/\/handiablees.com\/index.php\/wp-json\/wp\/v2\/pages\/1056","targetHints":{"allow":["GET"]}}],"collection":[{"href":"https:\/\/handiablees.com\/index.php\/wp-json\/wp\/v2\/pages"}],"about":[{"href":"https:\/\/handiablees.com\/index.php\/wp-json\/wp\/v2\/types\/page"}],"author":[{"embeddable":true,"href":"https:\/\/handiablees.com\/index.php\/wp-json\/wp\/v2\/users\/1"}],"replies":[{"embeddable":true,"href":"https:\/\/handiablees.com\/index.php\/wp-json\/wp\/v2\/comments?post=1056"}],"version-history":[{"count":1,"href":"https:\/\/handiablees.com\/index.php\/wp-json\/wp\/v2\/pages\/1056\/revisions"}],"predecessor-version":[{"id":1057,"href":"https:\/\/handiablees.com\/index.php\/wp-json\/wp\/v2\/pages\/1056\/revisions\/1057"}],"up":[{"embeddable":true,"href":"https:\/\/handiablees.com\/index.php\/wp-json\/wp\/v2\/pages\/72"}],"wp:attachment":[{"href":"https:\/\/handiablees.com\/index.php\/wp-json\/wp\/v2\/media?parent=1056"}],"curies":[{"name":"wp","href":"https:\/\/api.w.org\/{rel}","templated":true}]}}