{"id":1038,"date":"2021-05-14T21:18:57","date_gmt":"2021-05-14T19:18:57","guid":{"rendered":"http:\/\/handiablees.com\/?page_id=1038"},"modified":"2021-05-14T21:59:03","modified_gmt":"2021-05-14T19:59:03","slug":"a-nos-souvenirs","status":"publish","type":"page","link":"https:\/\/handiablees.com\/index.php\/communication-2\/a-nos-souvenirs\/","title":{"rendered":"A nos souvenirs &#8230;"},"content":{"rendered":"\n<p>Pour beaucoup de familles, tu es Samsam\ud83d\udc9a<\/p>\n\n\n\n<p>Un jeune gar\u00e7on plein d&rsquo;envies! Celle de parcourir ton univers, celle de l&rsquo;aventure au del\u00e0 des barri\u00e8res, celle de crier ta joie de vivre, celle de chanter tes besoins. <\/p>\n\n\n\n<p class=\"has-drop-cap\">Samsam, ton sourire \u00e0 jamais sera grav\u00e9 dans nos m\u00e9moires, nous parents, mais aussi dans les souvenirs de tous nos enfants. Personne ne t&rsquo;oubliera. <\/p>\n\n\n\n<figure class=\"wp-block-image size-large is-style-default\"><img loading=\"lazy\" decoding=\"async\" width=\"473\" height=\"473\" src=\"http:\/\/handiablees.com\/wp-content\/uploads\/2021\/05\/IMG-20210514-WA0018-2-edited.jpg\" alt=\"\" class=\"wp-image-1052\" srcset=\"https:\/\/handiablees.com\/wp-content\/uploads\/2021\/05\/IMG-20210514-WA0018-2-edited.jpg 473w, https:\/\/handiablees.com\/wp-content\/uploads\/2021\/05\/IMG-20210514-WA0018-2-edited-300x300.jpg 300w, https:\/\/handiablees.com\/wp-content\/uploads\/2021\/05\/IMG-20210514-WA0018-2-edited-150x150.jpg 150w, https:\/\/handiablees.com\/wp-content\/uploads\/2021\/05\/IMG-20210514-WA0018-2-edited-75x75.jpg 75w\" sizes=\"auto, (max-width: 473px) 100vw, 473px\" \/><figcaption>Merci aux parents pour leur message \ud83d\udc9a<\/figcaption><\/figure>\n\n\n\n<figure class=\"wp-block-image size-large is-resized is-style-default\"><img loading=\"lazy\" decoding=\"async\" src=\"http:\/\/handiablees.com\/wp-content\/uploads\/2021\/05\/IMG-20210514-WA0019-e1621021195920.jpg\" alt=\"\" width=\"537\" height=\"727\"\/><\/figure>\n","protected":false},"excerpt":{"rendered":"<p>Pour beaucoup de familles, tu es Samsam\ud83d\udc9a Un jeune gar\u00e7on plein d&rsquo;envies! Celle de parcourir ton univers, celle de l&rsquo;aventure au del\u00e0 des barri\u00e8res, celle de crier ta joie de vivre, celle de chanter tes besoins. Samsam, ton sourire \u00e0 jamais sera grav\u00e9 dans nos m\u00e9moires, nous parents, mais aussi dans les souvenirs de tous nos enfants. Personne ne t&rsquo;oubliera.<\/p>\n","protected":false},"author":1,"featured_media":1039,"parent":808,"menu_order":1,"comment_status":"closed","ping_status":"closed","template":"","meta":{"footnotes":""},"class_list":["post-1038","page","type-page","status-publish","has-post-thumbnail","hentry"],"_links":{"self":[{"href":"https:\/\/handiablees.com\/index.php\/wp-json\/wp\/v2\/pages\/1038","targetHints":{"allow":["GET"]}}],"collection":[{"href":"https:\/\/handiablees.com\/index.php\/wp-json\/wp\/v2\/pages"}],"about":[{"href":"https:\/\/handiablees.com\/index.php\/wp-json\/wp\/v2\/types\/page"}],"author":[{"embeddable":true,"href":"https:\/\/handiablees.com\/index.php\/wp-json\/wp\/v2\/users\/1"}],"replies":[{"embeddable":true,"href":"https:\/\/handiablees.com\/index.php\/wp-json\/wp\/v2\/comments?post=1038"}],"version-history":[{"count":4,"href":"https:\/\/handiablees.com\/index.php\/wp-json\/wp\/v2\/pages\/1038\/revisions"}],"predecessor-version":[{"id":1054,"href":"https:\/\/handiablees.com\/index.php\/wp-json\/wp\/v2\/pages\/1038\/revisions\/1054"}],"up":[{"embeddable":true,"href":"https:\/\/handiablees.com\/index.php\/wp-json\/wp\/v2\/pages\/808"}],"wp:featuredmedia":[{"embeddable":true,"href":"https:\/\/handiablees.com\/index.php\/wp-json\/wp\/v2\/media\/1039"}],"wp:attachment":[{"href":"https:\/\/handiablees.com\/index.php\/wp-json\/wp\/v2\/media?parent=1038"}],"curies":[{"name":"wp","href":"https:\/\/api.w.org\/{rel}","templated":true}]}}