{"id":1032,"date":"2021-05-11T09:52:39","date_gmt":"2021-05-11T07:52:39","guid":{"rendered":"http:\/\/handiablees.com\/?page_id=1032"},"modified":"2021-05-11T09:55:23","modified_gmt":"2021-05-11T07:55:23","slug":"oralite-troubles-et-reeducation","status":"publish","type":"page","link":"https:\/\/handiablees.com\/index.php\/accessibilte\/vie-quotidienne\/garderies-infirmieres\/oralite-troubles-et-reeducation\/","title":{"rendered":"Oralit\u00e9 : troubles et r\u00e9\u00e9ducation"},"content":{"rendered":"\n<p>L&rsquo;oralit\u00e9 est une notion bien connue de toutes les familles ayant un enfant ou jeune adulte polyhandicap\u00e9. Les troubles li\u00e9s peuvent aller d&rsquo;une difficult\u00e9 \u00e0 communiquer \u00e0 l&rsquo;oral, voire une impossibilit\u00e9 totale, \u00e0 des difficult\u00e9s \u00e0 une alimentation classique. <\/p>\n\n\n\n<p>Pour la communication, peu d&rsquo;enfants polyhandicap\u00e9s sont capables de verbaliser. Ceux qui y arrivent ont alors une difficult\u00e9 ou une incapacit\u00e9 \u00e0 sortir des mots. <\/p>\n\n\n\n<p>Quand \u00e0 l&rsquo;alimentation, des enfants polyhandicap\u00e9s peuvent manger des aliments \u00ab\u00a0comme tout le monde\u00a0\u00bb mais la plupart sont soit limit\u00e9s \u00e0 de la nourriture mix\u00e9e, soit n&rsquo;ont aucun alimentation par voie orale. <\/p>\n\n\n\n<p>L&rsquo;enjeu alors est de pouvoir apporter une r\u00e9\u00e9ducation par l&rsquo;intervention d&rsquo;une orthophoniste sp\u00e9cialis\u00e9e. <\/p>\n\n\n\n<p>Sur Hoptoys, <a href=\"https:\/\/www.bloghoptoys.fr\/decryptage-les-troubles-de-loralite\" data-type=\"URL\" data-id=\"https:\/\/www.bloghoptoys.fr\/decryptage-les-troubles-de-loralite\">cette page \ud83d\udc2d<\/a> permet de mieux appr\u00e9hender cette notion d&rsquo;oralit\u00e9 et de troubles associ\u00e9s. <\/p>\n\n\n\n<p><\/p>\n","protected":false},"excerpt":{"rendered":"<p>L&rsquo;oralit\u00e9 est une notion bien connue de toutes les familles ayant un enfant ou jeune adulte polyhandicap\u00e9. Les troubles li\u00e9s peuvent aller d&rsquo;une difficult\u00e9 \u00e0 communiquer \u00e0 l&rsquo;oral, voire une impossibilit\u00e9 totale, \u00e0 des difficult\u00e9s \u00e0 une alimentation classique. Pour la communication, peu d&rsquo;enfants polyhandicap\u00e9s sont capables de verbaliser. Ceux qui y arrivent ont alors une difficult\u00e9 ou une incapacit\u00e9 \u00e0 sortir des mots. Quand \u00e0 l&rsquo;alimentation, des enfants polyhandicap\u00e9s peuvent manger des aliments \u00ab\u00a0comme tout le monde\u00a0\u00bb mais la plupart sont soit limit\u00e9s \u00e0 de la nourriture mix\u00e9e, soit n&rsquo;ont aucun alimentation par voie orale. L&rsquo;enjeu alors est de pouvoir apporter une r\u00e9\u00e9ducation par l&rsquo;intervention d&rsquo;une orthophoniste sp\u00e9cialis\u00e9e. Sur Hoptoys, cette page \ud83d\udc2d permet de mieux appr\u00e9hender cette notion d&rsquo;oralit\u00e9 et de troubles associ\u00e9s.<\/p>\n","protected":false},"author":1,"featured_media":0,"parent":64,"menu_order":1,"comment_status":"closed","ping_status":"closed","template":"","meta":{"footnotes":""},"class_list":["post-1032","page","type-page","status-publish","hentry"],"_links":{"self":[{"href":"https:\/\/handiablees.com\/index.php\/wp-json\/wp\/v2\/pages\/1032","targetHints":{"allow":["GET"]}}],"collection":[{"href":"https:\/\/handiablees.com\/index.php\/wp-json\/wp\/v2\/pages"}],"about":[{"href":"https:\/\/handiablees.com\/index.php\/wp-json\/wp\/v2\/types\/page"}],"author":[{"embeddable":true,"href":"https:\/\/handiablees.com\/index.php\/wp-json\/wp\/v2\/users\/1"}],"replies":[{"embeddable":true,"href":"https:\/\/handiablees.com\/index.php\/wp-json\/wp\/v2\/comments?post=1032"}],"version-history":[{"count":2,"href":"https:\/\/handiablees.com\/index.php\/wp-json\/wp\/v2\/pages\/1032\/revisions"}],"predecessor-version":[{"id":1035,"href":"https:\/\/handiablees.com\/index.php\/wp-json\/wp\/v2\/pages\/1032\/revisions\/1035"}],"up":[{"embeddable":true,"href":"https:\/\/handiablees.com\/index.php\/wp-json\/wp\/v2\/pages\/64"}],"wp:attachment":[{"href":"https:\/\/handiablees.com\/index.php\/wp-json\/wp\/v2\/media?parent=1032"}],"curies":[{"name":"wp","href":"https:\/\/api.w.org\/{rel}","templated":true}]}}